{"id":72868,"date":"2026-02-23T14:07:31","date_gmt":"2026-02-23T20:07:31","guid":{"rendered":"http:\/\/neus.co\/products\/woosung-medi-filtech\/"},"modified":"2026-04-13T16:55:36","modified_gmt":"2026-04-13T22:55:36","slug":"woosung-medi-filtech","status":"publish","type":"page","link":"https:\/\/neus.co\/en\/products\/woosung-medi-filtech\/","title":{"rendered":"Woosung Medi-Filtech"},"content":{"rendered":"<p>[et_pb_section fb_built=&#8221;1&#8243; _builder_version=&#8221;4.27.6&#8243; _module_preset=&#8221;default&#8221; background_image=&#8221;https:\/\/neus.co\/wp-content\/uploads\/2026\/04\/img-banner-main-libra.jpeg&#8221; width=&#8221;100%&#8221; width_tablet=&#8221;100%&#8221; width_phone=&#8221;100%&#8221; width_last_edited=&#8221;on|phone&#8221; max_width=&#8221;100%&#8221; max_width_tablet=&#8221;100%&#8221; max_width_phone=&#8221;100%&#8221; max_width_last_edited=&#8221;on|phone&#8221; module_alignment=&#8221;center&#8221; height=&#8221;600px&#8221; height_tablet=&#8221;600px&#8221; height_phone=&#8221;&#8221; height_last_edited=&#8221;on|phone&#8221; hover_enabled=&#8221;0&#8243; background_color_phone=&#8221;RGBA(255,255,255,0)&#8221; background_last_edited=&#8221;on|phone&#8221; background_enable_color_phone=&#8221;on&#8221; use_background_color_gradient_phone=&#8221;on&#8221; background_color_gradient_direction_phone=&#8221;180deg&#8221; background_color_gradient_stops_phone=&#8221;rgba(4,38,96,0.11) 0%|rgba(255,255,255,0.91) 32%|rgba(255,255,255,0.87) 97%&#8221; locked=&#8221;off&#8221; global_colors_info=&#8221;{}&#8221; title_text=&#8221;img-banner-main-libra&#8221; sticky_enabled=&#8221;0&#8243;][et_pb_row column_structure=&#8221;1_2,1_2&#8243; _builder_version=&#8221;4.27.4&#8243; _module_preset=&#8221;default&#8221; global_colors_info=&#8221;{}&#8221;][et_pb_column type=&#8221;1_2&#8243; _builder_version=&#8221;4.27.4&#8243; _module_preset=&#8221;default&#8221; global_colors_info=&#8221;{}&#8221;][et_pb_text _builder_version=&#8221;4.27.6&#8243; _module_preset=&#8221;default&#8221; text_text_color=&#8221;#FFFFFF&#8221; text_font_size=&#8221;21px&#8221; header_font=&#8221;|700|||||||&#8221; header_text_color=&#8221;#FFFFFF&#8221; header_font_size=&#8221;100px&#8221; custom_margin=&#8221;70px||||false|false&#8221; header_font_size_tablet=&#8221;&#8221; header_font_size_phone=&#8221;50px&#8221; header_font_size_last_edited=&#8221;on|phone&#8221; global_colors_info=&#8221;{}&#8221;]<\/p>\n<h1 class=\"av-suptm\">LIBRA<\/h1>\n<p>Restoring height, relieving pain, improving lives.[\/et_pb_text][\/et_pb_column][et_pb_column type=&#8221;1_2&#8243; _builder_version=&#8221;4.27.4&#8243; _module_preset=&#8221;default&#8221; global_colors_info=&#8221;{}&#8221;][\/et_pb_column][\/et_pb_row][\/et_pb_section][et_pb_section fb_built=&#8221;1&#8243; custom_padding_last_edited=&#8221;on|phone&#8221; _builder_version=&#8221;4.27.5&#8243; background_enable_color=&#8221;off&#8221; custom_padding=&#8221;100px||80px||false|false&#8221; custom_padding_tablet=&#8221;100px||80px||false|false&#8221; custom_padding_phone=&#8221;50px||||false|false&#8221; global_colors_info=&#8221;{}&#8221;][et_pb_row column_structure=&#8221;1_2,1_2&#8243; use_custom_gutter=&#8221;on&#8221; gutter_width=&#8221;2&#8243; make_equal=&#8221;on&#8221; _builder_version=&#8221;4.27.3&#8243; width=&#8221;90%&#8221; width_tablet=&#8221;90%&#8221; width_phone=&#8221;90%&#8221; width_last_edited=&#8221;on|tablet&#8221; max_width_tablet=&#8221;90%&#8221; max_width_phone=&#8221;90%&#8221; max_width_last_edited=&#8221;off|desktop&#8221; custom_padding=&#8221;50px||50px||true|false&#8221; global_colors_info=&#8221;{}&#8221;][et_pb_column type=&#8221;1_2&#8243; _builder_version=&#8221;4.18.0&#8243; animation_direction=&#8221;left&#8221; global_colors_info=&#8221;{}&#8221;][et_pb_image src=&#8221;https:\/\/neus.co\/wp-content\/uploads\/2026\/02\/sistema-alineacion-espinal-seccion.jpg&#8221; alt=&#8221;Spinal Alignment System for VCF&#8221; title_text=&#8221;Spinal Alignment System for VCF&#8221; _builder_version=&#8221;4.27.5&#8243; _module_preset=&#8221;default&#8221; width=&#8221;90%&#8221; width_tablet=&#8221;80%&#8221; width_phone=&#8221;100%&#8221; width_last_edited=&#8221;on|phone&#8221; global_colors_info=&#8221;{}&#8221;][\/et_pb_image][\/et_pb_column][et_pb_column type=&#8221;1_2&#8243; _builder_version=&#8221;4.18.0&#8243; custom_padding=&#8221;|||35px|false|false&#8221; custom_padding_tablet=&#8221;40px|||0px|false|false&#8221; custom_padding_phone=&#8221;40px|||0px|false|false&#8221; custom_padding_last_edited=&#8221;on|phone&#8221; animation_direction=&#8221;left&#8221; global_colors_info=&#8221;{}&#8221;][et_pb_text _builder_version=&#8221;4.27.5&#8243; header_font=&#8221;|800||on|||||&#8221; header_text_align=&#8221;left&#8221; header_text_color=&#8221;#000000&#8243; header_font_size=&#8221;20px&#8221; header_2_font=&#8221;|800||on|||||&#8221; header_2_text_align=&#8221;left&#8221; header_2_text_color=&#8221;#326dac&#8221; header_2_font_size=&#8221;18px&#8221; custom_margin=&#8221;||||false|false&#8221; custom_padding=&#8221;||||false|false&#8221; global_colors_info=&#8221;{}&#8221;]<\/p>\n<h2>Spinal Alignment System for VCF<\/h2>\n<p>[\/et_pb_text][et_pb_text _builder_version=&#8221;4.27.6&#8243; header_font=&#8221;|800||on|||||&#8221; header_text_align=&#8221;left&#8221; header_text_color=&#8221;#000000&#8243; header_font_size=&#8221;20px&#8221; header_2_font=&#8221;|800||on|||||&#8221; header_2_text_align=&#8221;left&#8221; header_2_text_color=&#8221;#326dac&#8221; header_2_font_size=&#8221;80px&#8221; header_3_font=&#8221;|700|||||||&#8221; header_3_text_color=&#8221;#326dac&#8221; header_3_font_size=&#8221;80px&#8221; custom_margin=&#8221;||||false|false&#8221; custom_padding=&#8221;||||false|false&#8221; global_colors_info=&#8221;{}&#8221;]<\/p>\n<h2 class=\"av-suptm\">LIBRA<\/h2>\n<p>[\/et_pb_text][et_pb_text _builder_version=&#8221;4.27.5&#8243; text_font=&#8221;&#8211;et_global_body_font||||||||&#8221; text_text_color=&#8221;#586876&#8243; text_font_size=&#8221;18px&#8221; text_line_height=&#8221;1.3em&#8221; custom_margin=&#8221;||||false|false&#8221; custom_margin_tablet=&#8221;-10px||||false|false&#8221; custom_margin_phone=&#8221;-10px||||false|false&#8221; custom_margin_last_edited=&#8221;on|phone&#8221; locked=&#8221;off&#8221; global_colors_info=&#8221;{}&#8221;]Balloon kyphoplasty is a modern, minimally invasive surgical procedure indicated for the treatment of painful vertebral fractures in the thoracic and\/or lumbar spine. This technique helps stabilize the affected vertebral body, partially restore vertebral height, and significantly relieve patient pain. <\/p>\n<p>The LIBRA system obtained CE marking certification in 2011, demonstrating its compliance with European safety and quality standards. This certification authorizes its commercialization in both domestic and European markets.[\/et_pb_text][et_pb_button button_url=&#8221;@ET-DC@eyJkeW5hbWljIjp0cnVlLCJjb250ZW50IjoicG9zdF9saW5rX3VybF9wcm9qZWN0Iiwic2V0dGluZ3MiOnsicG9zdF9pZCI6IjcyNzY0In19@&#8221; button_text=&#8221;See More&#8221; button_alignment_tablet=&#8221;&#8221; button_alignment_phone=&#8221;center&#8221; button_alignment_last_edited=&#8221;on|phone&#8221; _builder_version=&#8221;4.27.5&#8243; _dynamic_attributes=&#8221;button_url&#8221; _module_preset=&#8221;default&#8221; custom_margin=&#8221;||||false|false&#8221; custom_margin_tablet=&#8221;|||20px|false|false&#8221; custom_margin_phone=&#8221;|||0px|false|false&#8221; custom_margin_last_edited=&#8221;on|phone&#8221; locked=&#8221;off&#8221; global_colors_info=&#8221;{}&#8221;][\/et_pb_button][\/et_pb_column][\/et_pb_row][\/et_pb_section][et_pb_section fb_built=&#8221;1&#8243; admin_label=&#8221;Contact Info&#8221; _builder_version=&#8221;4.27.5&#8243; background_color=&#8221;#982990&#8243; use_background_color_gradient=&#8221;on&#8221; background_color_gradient_stops=&#8221;rgba(152,41,144,0.71) 0%|rgba(152,41,144,0.74) 100%&#8221; background_color_gradient_overlays_image=&#8221;on&#8221; background_color_gradient_start=&#8221;rgba(91,38,38,0.76)&#8221; background_color_gradient_end=&#8221;rgba(91,38,38,0.85)&#8221; background_image=&#8221;https:\/\/neus.co\/wp-content\/uploads\/2024\/12\/back-footer-02.jpg&#8221; custom_padding=&#8221;24px||100px||false|false&#8221; global_module=&#8221;71130&#8243; global_colors_info=&#8221;{}&#8221;][et_pb_row column_structure=&#8221;1_3,1_3,1_3&#8243; padding_top_bottom_link_1=&#8221;true&#8221; padding_left_right_link_1=&#8221;true&#8221; _builder_version=&#8221;4.27.4&#8243; custom_margin=&#8221;||||false|false&#8221; custom_padding=&#8221;0||0||true|false&#8221; animation_style=&#8221;slide&#8221; animation_direction=&#8221;bottom&#8221; animation_delay=&#8221;400ms&#8221; global_colors_info=&#8221;{}&#8221;][et_pb_column type=&#8221;1_3&#8243; _builder_version=&#8221;4.27.4&#8243; use_background_color_gradient=&#8221;on&#8221; background_color_gradient_stops=&#8221;rgba(214,2,112,0.92) 0%|rgba(214,2,112,0.92) 100&#8243; background_color_gradient_overlays_image=&#8221;on&#8221; background_color_gradient_start=&#8221;rgba(214,2,112,0.92)&#8221; background_color_gradient_start_position=&#8221;0&#8243; background_color_gradient_end=&#8221;rgba(214,2,112,0.92)&#8221; background_color_gradient_end_position=&#8221;100&#8243; background_image=&#8221;https:\/\/neus.co\/wp-content\/uploads\/2024\/11\/471896545-Doctor-doing-surgery-1.jpg&#8221; custom_padding=&#8221;65px|5%||5%|false|false&#8221; custom_padding_tablet=&#8221;|10%||10%||true&#8221; custom_padding_phone=&#8221;|10%||10%||true&#8221; custom_padding_last_edited=&#8221;on|phone&#8221; background_color_gradient_stops_tablet=&#8221;rgba(214,2,112,0.92) 0%|rgba(214,2,112,0.92) 100&#8243; background_color_gradient_stops_phone=&#8221;rgba(214,2,112,0.92) 0%|rgba(214,2,112,0.92) 100&#8243; global_colors_info=&#8221;{}&#8221; padding_tablet=&#8221;|10%||10%||true&#8221; padding_last_edited=&#8221;on|tablet&#8221; custom_padding__hover=&#8221;|||&#8221; background_color_gradient_stops__hover=&#8221;rgba(214,2,112,0.92) 0%|rgba(214,2,112,0.92) 100&#8243; background_color_gradient_stops__sticky=&#8221;rgba(214,2,112,0.92) 0%|rgba(214,2,112,0.92) 100&#8243; padding_phone=&#8221;|10%||10%||true&#8221;][et_pb_image src=&#8221;https:\/\/neus.co\/wp-content\/uploads\/2024\/11\/logo-neus-blanco.png&#8221; title_text=&#8221;logo-neus-white&#8221; _builder_version=&#8221;4.27.3&#8243; _module_preset=&#8221;default&#8221; global_colors_info=&#8221;{}&#8221;][\/et_pb_image][et_pb_blurb title=&#8221;Location&#8221; use_icon=&#8221;on&#8221; font_icon=&#8221;&#xf3c5;||fa||900&#8243; icon_color=&#8221;#ffffff&#8221; icon_placement=&#8221;left&#8221; image_icon_width=&#8221;28px&#8221; _builder_version=&#8221;4.27.4&#8243; header_font=&#8221;&#8211;et_global_body_font|700|||||||&#8221; header_font_size=&#8221;20px&#8221; header_line_height=&#8221;1.2em&#8221; body_font=&#8221;&#8211;et_global_body_font||||||||&#8221; body_text_color=&#8221;#FFFFFF&#8221; body_font_size=&#8221;16px&#8221; body_line_height=&#8221;1.3em&#8221; body_link_text_color=&#8221;#FFFFFF&#8221; background_layout=&#8221;dark&#8221; custom_padding=&#8221;15px|||&#8221; icon_font_size=&#8221;28px&#8221; global_colors_info=&#8221;{}&#8221;]<\/p>\n<p>Av. Tepeyac #816 Int. B<br \/>Chapalita Oriente<br \/>Zapopan, Jal.<br \/>C.P. 45040  <\/p>\n<p>[\/et_pb_blurb][\/et_pb_column][et_pb_column type=&#8221;1_3&#8243; _builder_version=&#8221;4.27.4&#8243; custom_padding=&#8221;140px||||false|false&#8221; custom_padding_tablet=&#8221;0px|10%||10%|false|true&#8221; custom_padding_phone=&#8221;0px|||&#8221; custom_padding_last_edited=&#8221;on|desktop&#8221; global_colors_info=&#8221;{}&#8221; padding_tablet=&#8221;0px|||&#8221; padding_last_edited=&#8221;on|desktop&#8221; custom_padding__hover=&#8221;|||&#8221; padding_phone=&#8221;0px|||&#8221;][et_pb_blurb title=&#8221;Phone&#8221; use_icon=&#8221;on&#8221; font_icon=&#8221;&#xe090;||divi||400&#8243; icon_color=&#8221;#ffffff&#8221; icon_placement=&#8221;left&#8221; image_icon_width=&#8221;28px&#8221; _builder_version=&#8221;4.27.4&#8243; header_font=&#8221;&#8211;et_global_body_font|700|||||||&#8221; header_font_size=&#8221;20px&#8221; header_line_height=&#8221;1.2em&#8221; body_font=&#8221;&#8211;et_global_body_font||||||||&#8221; body_text_color=&#8221;#FFFFFF&#8221; body_font_size=&#8221;16px&#8221; body_line_height=&#8221;1.8em&#8221; body_link_text_color=&#8221;#FFFFFF&#8221; background_layout=&#8221;dark&#8221; custom_padding=&#8221;||||false|false&#8221; icon_font_size=&#8221;28px&#8221; global_colors_info=&#8221;{}&#8221;]<\/p>\n<p>33 5010 3654<\/p>\n<p>[\/et_pb_blurb][et_pb_blurb title=&#8221;Email&#8221; use_icon=&#8221;on&#8221; font_icon=&#8221;&#xe076;||divi||400&#8243; icon_color=&#8221;#ffffff&#8221; icon_placement=&#8221;left&#8221; image_icon_width=&#8221;28px&#8221; _builder_version=&#8221;4.27.3&#8243; header_font=&#8221;&#8211;et_global_body_font|700|||||||&#8221; header_font_size=&#8221;20px&#8221; header_line_height=&#8221;1.2em&#8221; body_font=&#8221;&#8211;et_global_body_font||||||||&#8221; body_text_color=&#8221;#FFFFFF&#8221; body_font_size=&#8221;16px&#8221; body_line_height=&#8221;1.8em&#8221; body_link_text_color=&#8221;#FFFFFF&#8221; background_layout=&#8221;dark&#8221; custom_padding=&#8221;||||false|false&#8221; icon_font_size=&#8221;28px&#8221; global_colors_info=&#8221;{}&#8221;]<\/p>\n<p><a href=\"mailto:contacto@neus.co\">contacto@neus.co<\/a><\/p>\n<p>[\/et_pb_blurb][\/et_pb_column][et_pb_column type=&#8221;1_3&#8243; _builder_version=&#8221;4.27.4&#8243; custom_padding=&#8221;140px||||false|false&#8221; custom_padding_tablet=&#8221;0px|10%||10%|false|true&#8221; custom_padding_phone=&#8221;0px|||&#8221; custom_padding_last_edited=&#8221;on|desktop&#8221; global_colors_info=&#8221;{}&#8221; padding_tablet=&#8221;0px|||&#8221; padding_last_edited=&#8221;on|desktop&#8221; custom_padding__hover=&#8221;|||&#8221; padding_phone=&#8221;0px|||&#8221;][et_pb_social_media_follow _builder_version=&#8221;4.27.4&#8243; _module_preset=&#8221;default&#8221; text_orientation=&#8221;left&#8221; text_orientation_tablet=&#8221;&#8221; text_orientation_phone=&#8221;center&#8221; text_orientation_last_edited=&#8221;on|phone&#8221; global_colors_info=&#8221;{}&#8221;][et_pb_social_media_follow_network social_network=&#8221;instagram&#8221; icon_color=&#8221;#982990&#8243; use_icon_font_size=&#8221;on&#8221; icon_font_size=&#8221;20px&#8221; icon_color_tablet=&#8221;&#8221; icon_color_phone=&#8221;&#8221; icon_color_last_edited=&#8221;on|desktop&#8221; _builder_version=&#8221;4.27.4&#8243; _module_preset=&#8221;default&#8221; background_color=&#8221;#FFFFFF&#8221; background_enable_color=&#8221;on&#8221; custom_margin=&#8221;|10px|||false|false&#8221; background_last_edited=&#8221;on|desktop&#8221; border_radii=&#8221;on|25px|25px|25px|25px&#8221; global_colors_info=&#8221;{}&#8221; background__hover_enabled=&#8221;on|desktop&#8221; icon_color__hover_enabled=&#8221;on|desktop&#8221; background_color__hover=&#8221;#41013c&#8221; background_enable_color__hover=&#8221;on&#8221; icon_color__hover=&#8221;#FFFFFF&#8221; follow_button=&#8221;off&#8221; url_new_window=&#8221;on&#8221;]instagram[\/et_pb_social_media_follow_network][et_pb_social_media_follow_network social_network=&#8221;youtube&#8221; icon_color=&#8221;#982990&#8243; use_icon_font_size=&#8221;on&#8221; icon_font_size=&#8221;20px&#8221; icon_color_tablet=&#8221;&#8221; icon_color_phone=&#8221;&#8221; icon_color_last_edited=&#8221;on|desktop&#8221; _builder_version=&#8221;4.27.4&#8243; _module_preset=&#8221;default&#8221; background_color=&#8221;#FFFFFF&#8221; background_enable_color=&#8221;on&#8221; custom_margin=&#8221;|10px|||false|false&#8221; background_last_edited=&#8221;on|desktop&#8221; border_radii=&#8221;on|25px|25px|25px|25px&#8221; global_colors_info=&#8221;{}&#8221; background__hover_enabled=&#8221;on|desktop&#8221; icon_color__hover_enabled=&#8221;on|desktop&#8221; background_color__hover=&#8221;#41013c&#8221; background_enable_color__hover=&#8221;on&#8221; icon_color__hover=&#8221;#FFFFFF&#8221; follow_button=&#8221;off&#8221; url_new_window=&#8221;on&#8221;]youtube[\/et_pb_social_media_follow_network][\/et_pb_social_media_follow][\/et_pb_column][\/et_pb_row][\/et_pb_section]<\/p>\n","protected":false},"excerpt":{"rendered":"<p>LIBRA Restoring height, relieving pain, improving lives.Spinal Alignment System for VCFLIBRABalloon kyphoplasty is a modern, minimally invasive surgical procedure indicated for the treatment of painful vertebral fractures in the thoracic and\/or lumbar spine. This technique helps stabilize the affected vertebral body, partially restore vertebral height, and significantly relieve patient pain. The LIBRA system obtained CE [&hellip;]<\/p>\n","protected":false},"author":2,"featured_media":0,"parent":72375,"menu_order":4,"comment_status":"closed","ping_status":"closed","template":"","meta":{"_et_pb_use_builder":"on","_et_pb_old_content":"","_et_gb_content_width":"","footnotes":""},"class_list":["post-72868","page","type-page","status-publish","hentry"],"yoast_head":"<!-- This site is optimized with the Yoast SEO plugin v27.5 - https:\/\/yoast.com\/product\/yoast-seo-wordpress\/ -->\n<title>Woosung Medi-Filtech - Neus | Venta y distribuci\u00f3n de productos biol\u00f3gicos de la m\u00e1s alta calidad y tecnolog\u00eda<\/title>\n<meta name=\"robots\" content=\"index, follow, max-snippet:-1, max-image-preview:large, max-video-preview:-1\" \/>\n<link rel=\"canonical\" href=\"https:\/\/neus.co\/en\/products\/woosung-medi-filtech\/\" \/>\n<meta property=\"og:locale\" content=\"en_US\" \/>\n<meta property=\"og:type\" content=\"article\" \/>\n<meta property=\"og:title\" content=\"Woosung Medi-Filtech - Neus | Venta y distribuci\u00f3n de productos biol\u00f3gicos de la m\u00e1s alta calidad y tecnolog\u00eda\" \/>\n<meta property=\"og:description\" content=\"LIBRA Restoring height, relieving pain, improving lives.Spinal Alignment System for VCFLIBRABalloon kyphoplasty is a modern, minimally invasive surgical procedure indicated for the treatment of painful vertebral fractures in the thoracic and\/or lumbar spine. This technique helps stabilize the affected vertebral body, partially restore vertebral height, and significantly relieve patient pain. The LIBRA system obtained CE [&hellip;]\" \/>\n<meta property=\"og:url\" content=\"https:\/\/neus.co\/en\/products\/woosung-medi-filtech\/\" \/>\n<meta property=\"og:site_name\" content=\"Neus | Venta y distribuci\u00f3n de productos biol\u00f3gicos de la m\u00e1s alta calidad y tecnolog\u00eda\" \/>\n<meta property=\"article:modified_time\" content=\"2026-04-13T22:55:36+00:00\" \/>\n<meta property=\"og:image\" content=\"https:\/\/neus.co\/wp-content\/uploads\/2026\/04\/neus-2026.png\" \/>\n\t<meta property=\"og:image:width\" content=\"1200\" \/>\n\t<meta property=\"og:image:height\" content=\"675\" \/>\n\t<meta property=\"og:image:type\" content=\"image\/png\" \/>\n<meta name=\"twitter:card\" content=\"summary_large_image\" \/>\n<meta name=\"twitter:label1\" content=\"Est. reading time\" \/>\n\t<meta name=\"twitter:data1\" content=\"8 minutes\" \/>\n<script type=\"application\/ld+json\" class=\"yoast-schema-graph\">{\"@context\":\"https:\\\/\\\/schema.org\",\"@graph\":[{\"@type\":\"WebPage\",\"@id\":\"https:\\\/\\\/neus.co\\\/en\\\/products\\\/woosung-medi-filtech\\\/\",\"url\":\"https:\\\/\\\/neus.co\\\/en\\\/products\\\/woosung-medi-filtech\\\/\",\"name\":\"Woosung Medi-Filtech - Neus | Venta y distribuci\u00f3n de productos biol\u00f3gicos de la m\u00e1s alta calidad y tecnolog\u00eda\",\"isPartOf\":{\"@id\":\"https:\\\/\\\/neus.co\\\/en\\\/#website\"},\"datePublished\":\"2026-02-23T20:07:31+00:00\",\"dateModified\":\"2026-04-13T22:55:36+00:00\",\"breadcrumb\":{\"@id\":\"https:\\\/\\\/neus.co\\\/en\\\/products\\\/woosung-medi-filtech\\\/#breadcrumb\"},\"inLanguage\":\"en-US\",\"potentialAction\":[{\"@type\":\"ReadAction\",\"target\":[\"https:\\\/\\\/neus.co\\\/en\\\/products\\\/woosung-medi-filtech\\\/\"]}]},{\"@type\":\"BreadcrumbList\",\"@id\":\"https:\\\/\\\/neus.co\\\/en\\\/products\\\/woosung-medi-filtech\\\/#breadcrumb\",\"itemListElement\":[{\"@type\":\"ListItem\",\"position\":1,\"name\":\"Inicio\",\"item\":\"https:\\\/\\\/neus.co\\\/en\\\/\"},{\"@type\":\"ListItem\",\"position\":2,\"name\":\"Products\",\"item\":\"https:\\\/\\\/neus.co\\\/en\\\/productos\\\/\"},{\"@type\":\"ListItem\",\"position\":3,\"name\":\"Woosung Medi-Filtech\"}]},{\"@type\":\"WebSite\",\"@id\":\"https:\\\/\\\/neus.co\\\/en\\\/#website\",\"url\":\"https:\\\/\\\/neus.co\\\/en\\\/\",\"name\":\"Neus | Venta y distribuci\u00f3n de productos biol\u00f3gicos de alta calidad y tecnolog\u00eda\",\"description\":\"Neus : Aloinjertos para procedimientos quir\u00fargicos\",\"publisher\":{\"@id\":\"https:\\\/\\\/neus.co\\\/en\\\/#organization\"},\"alternateName\":\"Neus : Fibras de hueso desmineralizadas y Matriz \u00f3sea\",\"potentialAction\":[{\"@type\":\"SearchAction\",\"target\":{\"@type\":\"EntryPoint\",\"urlTemplate\":\"https:\\\/\\\/neus.co\\\/en\\\/?s={search_term_string}\"},\"query-input\":{\"@type\":\"PropertyValueSpecification\",\"valueRequired\":true,\"valueName\":\"search_term_string\"}}],\"inLanguage\":\"en-US\"},{\"@type\":\"Organization\",\"@id\":\"https:\\\/\\\/neus.co\\\/en\\\/#organization\",\"name\":\"Neus : Venta y distribuci\u00f3n de productos biol\u00f3gicos de alta calidad y tecnolog\u00eda\",\"alternateName\":\"Neus : Fibras de hueso desmineralizadas y Matriz \u00f3sea\",\"url\":\"https:\\\/\\\/neus.co\\\/en\\\/\",\"logo\":{\"@type\":\"ImageObject\",\"inLanguage\":\"en-US\",\"@id\":\"https:\\\/\\\/neus.co\\\/en\\\/#\\\/schema\\\/logo\\\/image\\\/\",\"url\":\"https:\\\/\\\/neus.co\\\/wp-content\\\/uploads\\\/2024\\\/11\\\/logo-neus.png\",\"contentUrl\":\"https:\\\/\\\/neus.co\\\/wp-content\\\/uploads\\\/2024\\\/11\\\/logo-neus.png\",\"width\":300,\"height\":60,\"caption\":\"Neus : Venta y distribuci\u00f3n de productos biol\u00f3gicos de alta calidad y tecnolog\u00eda\"},\"image\":{\"@id\":\"https:\\\/\\\/neus.co\\\/en\\\/#\\\/schema\\\/logo\\\/image\\\/\"}}]}<\/script>\n<!-- \/ Yoast SEO plugin. -->","yoast_head_json":{"title":"Woosung Medi-Filtech - Neus | Venta y distribuci\u00f3n de productos biol\u00f3gicos de la m\u00e1s alta calidad y tecnolog\u00eda","robots":{"index":"index","follow":"follow","max-snippet":"max-snippet:-1","max-image-preview":"max-image-preview:large","max-video-preview":"max-video-preview:-1"},"canonical":"https:\/\/neus.co\/en\/products\/woosung-medi-filtech\/","og_locale":"en_US","og_type":"article","og_title":"Woosung Medi-Filtech - Neus | Venta y distribuci\u00f3n de productos biol\u00f3gicos de la m\u00e1s alta calidad y tecnolog\u00eda","og_description":"LIBRA Restoring height, relieving pain, improving lives.Spinal Alignment System for VCFLIBRABalloon kyphoplasty is a modern, minimally invasive surgical procedure indicated for the treatment of painful vertebral fractures in the thoracic and\/or lumbar spine. This technique helps stabilize the affected vertebral body, partially restore vertebral height, and significantly relieve patient pain. The LIBRA system obtained CE [&hellip;]","og_url":"https:\/\/neus.co\/en\/products\/woosung-medi-filtech\/","og_site_name":"Neus | Venta y distribuci\u00f3n de productos biol\u00f3gicos de la m\u00e1s alta calidad y tecnolog\u00eda","article_modified_time":"2026-04-13T22:55:36+00:00","og_image":[{"width":1200,"height":675,"url":"https:\/\/neus.co\/wp-content\/uploads\/2026\/04\/neus-2026.png","type":"image\/png"}],"twitter_card":"summary_large_image","twitter_misc":{"Est. reading time":"8 minutes"},"schema":{"@context":"https:\/\/schema.org","@graph":[{"@type":"WebPage","@id":"https:\/\/neus.co\/en\/products\/woosung-medi-filtech\/","url":"https:\/\/neus.co\/en\/products\/woosung-medi-filtech\/","name":"Woosung Medi-Filtech - Neus | Venta y distribuci\u00f3n de productos biol\u00f3gicos de la m\u00e1s alta calidad y tecnolog\u00eda","isPartOf":{"@id":"https:\/\/neus.co\/en\/#website"},"datePublished":"2026-02-23T20:07:31+00:00","dateModified":"2026-04-13T22:55:36+00:00","breadcrumb":{"@id":"https:\/\/neus.co\/en\/products\/woosung-medi-filtech\/#breadcrumb"},"inLanguage":"en-US","potentialAction":[{"@type":"ReadAction","target":["https:\/\/neus.co\/en\/products\/woosung-medi-filtech\/"]}]},{"@type":"BreadcrumbList","@id":"https:\/\/neus.co\/en\/products\/woosung-medi-filtech\/#breadcrumb","itemListElement":[{"@type":"ListItem","position":1,"name":"Inicio","item":"https:\/\/neus.co\/en\/"},{"@type":"ListItem","position":2,"name":"Products","item":"https:\/\/neus.co\/en\/productos\/"},{"@type":"ListItem","position":3,"name":"Woosung Medi-Filtech"}]},{"@type":"WebSite","@id":"https:\/\/neus.co\/en\/#website","url":"https:\/\/neus.co\/en\/","name":"Neus | Venta y distribuci\u00f3n de productos biol\u00f3gicos de alta calidad y tecnolog\u00eda","description":"Neus : Aloinjertos para procedimientos quir\u00fargicos","publisher":{"@id":"https:\/\/neus.co\/en\/#organization"},"alternateName":"Neus : Fibras de hueso desmineralizadas y Matriz \u00f3sea","potentialAction":[{"@type":"SearchAction","target":{"@type":"EntryPoint","urlTemplate":"https:\/\/neus.co\/en\/?s={search_term_string}"},"query-input":{"@type":"PropertyValueSpecification","valueRequired":true,"valueName":"search_term_string"}}],"inLanguage":"en-US"},{"@type":"Organization","@id":"https:\/\/neus.co\/en\/#organization","name":"Neus : Venta y distribuci\u00f3n de productos biol\u00f3gicos de alta calidad y tecnolog\u00eda","alternateName":"Neus : Fibras de hueso desmineralizadas y Matriz \u00f3sea","url":"https:\/\/neus.co\/en\/","logo":{"@type":"ImageObject","inLanguage":"en-US","@id":"https:\/\/neus.co\/en\/#\/schema\/logo\/image\/","url":"https:\/\/neus.co\/wp-content\/uploads\/2024\/11\/logo-neus.png","contentUrl":"https:\/\/neus.co\/wp-content\/uploads\/2024\/11\/logo-neus.png","width":300,"height":60,"caption":"Neus : Venta y distribuci\u00f3n de productos biol\u00f3gicos de alta calidad y tecnolog\u00eda"},"image":{"@id":"https:\/\/neus.co\/en\/#\/schema\/logo\/image\/"}}]}},"_links":{"self":[{"href":"https:\/\/neus.co\/en\/wp-json\/wp\/v2\/pages\/72868","targetHints":{"allow":["GET"]}}],"collection":[{"href":"https:\/\/neus.co\/en\/wp-json\/wp\/v2\/pages"}],"about":[{"href":"https:\/\/neus.co\/en\/wp-json\/wp\/v2\/types\/page"}],"author":[{"embeddable":true,"href":"https:\/\/neus.co\/en\/wp-json\/wp\/v2\/users\/2"}],"replies":[{"embeddable":true,"href":"https:\/\/neus.co\/en\/wp-json\/wp\/v2\/comments?post=72868"}],"version-history":[{"count":18,"href":"https:\/\/neus.co\/en\/wp-json\/wp\/v2\/pages\/72868\/revisions"}],"predecessor-version":[{"id":73094,"href":"https:\/\/neus.co\/en\/wp-json\/wp\/v2\/pages\/72868\/revisions\/73094"}],"up":[{"embeddable":true,"href":"https:\/\/neus.co\/en\/wp-json\/wp\/v2\/pages\/72375"}],"wp:attachment":[{"href":"https:\/\/neus.co\/en\/wp-json\/wp\/v2\/media?parent=72868"}],"curies":[{"name":"wp","href":"https:\/\/api.w.org\/{rel}","templated":true}]}}