{"id":71972,"date":"2020-06-25T18:55:49","date_gmt":"2020-06-25T23:55:49","guid":{"rendered":"http:\/\/neus.co\/copyright\/"},"modified":"2025-02-20T14:53:25","modified_gmt":"2025-02-20T20:53:25","slug":"copyright","status":"publish","type":"page","link":"https:\/\/neus.co\/en\/copyright\/","title":{"rendered":"Copyright"},"content":{"rendered":"<p>[et_pb_section fb_built=&#8221;1&#8243; _builder_version=&#8221;4.27.4&#8243; background_color=&#8221;#982990&#8243; background_enable_image=&#8221;off&#8221; background_enable_pattern_style=&#8221;on&#8221; background_pattern_style=&#8221;waves&#8221; background_pattern_color=&#8221;rgba(0,0,0,0.05)&#8221; background_pattern_transform=&#8221;invert&#8221; background_pattern_size=&#8221;custom&#8221; background_pattern_width=&#8221;0px&#8221; background_pattern_height=&#8221;835px&#8221; custom_padding=&#8221;50px|0px|30px|0px|false|false&#8221; top_divider_color=&#8221;#ffffff&#8221; top_divider_height=&#8221;400px&#8221; top_divider_flip=&#8221;vertical&#8221; bottom_divider_color=&#8221;#ffffff&#8221; bottom_divider_height=&#8221;400px&#8221; animation_direction=&#8221;top&#8221; locked=&#8221;off&#8221; global_colors_info=&#8221;{}&#8221;][et_pb_row _builder_version=&#8221;4.27.3&#8243; _module_preset=&#8221;default&#8221; global_colors_info=&#8221;{}&#8221;][et_pb_column type=&#8221;4_4&#8243; _builder_version=&#8221;4.27.3&#8243; _module_preset=&#8221;default&#8221; global_colors_info=&#8221;{}&#8221;][et_pb_text _builder_version=&#8221;4.27.4&#8243; text_text_color=&#8221;#FFFFFF&#8221; header_font=&#8221;|800||on|||||&#8221; header_text_align=&#8221;center&#8221; header_text_color=&#8221;#FFFFFF&#8221; header_2_font=&#8221;|800||on|||||&#8221; header_2_text_align=&#8221;center&#8221; header_2_text_color=&#8221;#FFFFFF&#8221; header_2_font_size=&#8221;30px&#8221; custom_margin=&#8221;||0px||false|false&#8221; custom_padding=&#8221;||6px||false|false&#8221; locked=&#8221;off&#8221; global_colors_info=&#8221;{}&#8221;]<\/p>\n<h2>Copyright<\/h2>\n<p>[\/et_pb_text][et_pb_divider color=&#8221;#FFFFFF&#8221; divider_weight=&#8221;4px&#8221; _builder_version=&#8221;4.27.4&#8243; _module_preset=&#8221;default&#8221; max_width=&#8221;50px&#8221; module_alignment=&#8221;center&#8221; global_colors_info=&#8221;{}&#8221;][\/et_pb_divider][\/et_pb_column][\/et_pb_row][\/et_pb_section][et_pb_section fb_built=&#8221;1&#8243; _builder_version=&#8221;4.27.4&#8243; _module_preset=&#8221;default&#8221; custom_padding=&#8221;50px||90px||false|false&#8221; global_colors_info=&#8221;{}&#8221;][et_pb_row _builder_version=&#8221;4.27.3&#8243; _module_preset=&#8221;default&#8221; custom_margin=&#8221;||0px||false|false&#8221; custom_padding=&#8221;||0px||false|false&#8221; global_colors_info=&#8221;{}&#8221;][et_pb_column type=&#8221;4_4&#8243; _builder_version=&#8221;4.27.3&#8243; _module_preset=&#8221;default&#8221; global_colors_info=&#8221;{}&#8221;][et_pb_text _builder_version=&#8221;4.27.4&#8243; _module_preset=&#8221;default&#8221; text_font_size=&#8221;18px&#8221; text_line_height=&#8221;1.3em&#8221; hover_enabled=&#8221;0&#8243; global_colors_info=&#8221;{}&#8221; sticky_enabled=&#8221;0&#8243;]<\/p>\n<p><span style=\"color: #982990;\"><strong>Copyright \u2013 All Rights Reserved<\/strong><\/span><\/p>\n<p>PAXOC, S. DE RL DE CV makes available to you information, materials and products on this site, subject to the following terms and conditions.<\/p>\n<p span=\"\" style=\"color: #982990;\"><strong>By entering our site you agree to all the terms and conditions defined on this page. PAXOC, S. DE RL DE CV reserves the right to change these terms and conditions when necessary. The information contained in this site is protected by copyright.<\/strong><\/p>\n<p>Copyright \u00a9 2025 PAXOC, S. DE RL DE CV All rights reserved.<\/p>\n<p>Except for written permissions and licenses, none of the information contained on this site may be reproduced in any form or medium without the appropriate permission of PAXOC, S. DE RL DE CV<\/p>\n<p><span style=\"color: #982990;\"><strong>Use of Software:<\/strong><\/span> No software is obtained directly from our server, the \u201clinks\u201d that appear within our site are the property of each of the manufacturers. Any problem or defect that may arise in the client&#8217;s computer and\/or third parties is subject to the manufacturer&#8217;s liability policies. All rights reserved for the software belong to their respective manufacturers. All software copyrights belong to their respective manufacturers.<\/p>\n<p><span style=\"color: #982990;\"><strong>Use of information contained on our site:<\/strong><\/span> Except as indicated elsewhere on our site you may view, copy, print and distribute the documents available on this website, subject to the following conditions:<\/p>\n<ol>\n<li>The document may be used for personal information and non-commercial purposes.<\/li>\n<li>The document and its information cannot be altered or modified in any way or means.<\/li>\n<li>Any copy of the document or portion thereof must include the legend: Copyright \u00a9 2025 PAXOC, S. DE RL DE CV All rights reserved.<\/li>\n<\/ol>\n<p>PAXOC, S. DE RL DE CV reserves the right to revoke this authorization at any time. The points specified above do not include the design and layout of the site. The elements of this site are protected by intellectual property laws and other laws that prohibit the total or partial copying of this material.<\/p>\n<p>This site may have some spelling mistakes, which will be corrected periodically in each update. This site can be accessed from anywhere in the world, and products and services are promoted that are not necessarily offered in other countries.<\/p>\n<p><span style=\"color: #982990;\"><strong>Confidential information: <\/strong><\/span>With the exception of your credit card number and personal data, such as name, telephone number and email address, PAXOC, S. DE RL DE CV does not wish to receive any more information than is necessary to carry out its commercial information and customer service tasks.<\/p>\n<p>Any comments and information sent to PAXOC, S. DE RL DE CV become our sole discretion, regardless of whether we use them or not, in our work system. PAXOC, S. DE RL DE CV is not obliged to publish your name in its materials, regardless of how they are presented.<\/p>\n<p>PAXOC, S. DE RL DE CV declares itself a neutral institution, with no favoritism or commercial preferences. PAXOC, S. DE RL DE CV declares itself free to carry out any commercial operation that is within the framework of Mexican laws.<\/p>\n<p>[\/et_pb_text][\/et_pb_column][\/et_pb_row][\/et_pb_section][et_pb_section fb_built=&#8221;1&#8243; admin_label=&#8221;Contact Info&#8221; _builder_version=&#8221;4.27.3&#8243; background_color=&#8221;#982990&#8243; use_background_color_gradient=&#8221;on&#8221; background_color_gradient_stops=&#8221;rgba(152,41,144,0.71) 0%|rgba(152,41,144,0.74) 100%&#8221; background_color_gradient_overlays_image=&#8221;on&#8221; background_color_gradient_start=&#8221;rgba(91,38,38,0.76)&#8221; background_color_gradient_end=&#8221;rgba(91,38,38,0.85)&#8221; background_image=&#8221;http:\/\/neus.co\/wp-content\/uploads\/2024\/12\/back-footer-02.jpg&#8221; custom_padding=&#8221;24px||100px||false|false&#8221; global_module=&#8221;71130&#8243; global_colors_info=&#8221;{}&#8221;][et_pb_row column_structure=&#8221;1_3,1_3,1_3&#8243; padding_top_bottom_link_1=&#8221;true&#8221; padding_left_right_link_1=&#8221;true&#8221; _builder_version=&#8221;4.27.4&#8243; custom_margin=&#8221;||||false|false&#8221; custom_padding=&#8221;0||0||true|false&#8221; animation_style=&#8221;slide&#8221; animation_direction=&#8221;bottom&#8221; animation_delay=&#8221;400ms&#8221; global_colors_info=&#8221;{}&#8221;][et_pb_column type=&#8221;1_3&#8243; _builder_version=&#8221;4.27.4&#8243; use_background_color_gradient=&#8221;on&#8221; background_color_gradient_stops=&#8221;rgba(214,2,112,0.92) 0%|rgba(214,2,112,0.92) 100&#8243; background_color_gradient_overlays_image=&#8221;on&#8221; background_color_gradient_start=&#8221;rgba(214,2,112,0.92)&#8221; background_color_gradient_start_position=&#8221;0&#8243; background_color_gradient_end=&#8221;rgba(214,2,112,0.92)&#8221; background_color_gradient_end_position=&#8221;100&#8243; background_image=&#8221;http:\/\/neus.co\/wp-content\/uploads\/2024\/11\/471896545-Doctor-doing-surgery-1.jpg&#8221; custom_padding=&#8221;65px|5%||5%|false|false&#8221; custom_padding_tablet=&#8221;|10%||10%||true&#8221; custom_padding_phone=&#8221;|10%||10%||true&#8221; custom_padding_last_edited=&#8221;on|phone&#8221; background_color_gradient_stops_tablet=&#8221;rgba(214,2,112,0.92) 0%|rgba(214,2,112,0.92) 100&#8243; background_color_gradient_stops_phone=&#8221;rgba(214,2,112,0.92) 0%|rgba(214,2,112,0.92) 100&#8243; global_colors_info=&#8221;{}&#8221; padding_tablet=&#8221;|10%||10%||true&#8221; padding_last_edited=&#8221;on|tablet&#8221; custom_padding__hover=&#8221;|||&#8221; background_color_gradient_stops__hover=&#8221;rgba(214,2,112,0.92) 0%|rgba(214,2,112,0.92) 100&#8243; background_color_gradient_stops__sticky=&#8221;rgba(214,2,112,0.92) 0%|rgba(214,2,112,0.92) 100&#8243; padding_phone=&#8221;|10%||10%||true&#8221;][et_pb_image src=&#8221;http:\/\/neus.co\/wp-content\/uploads\/2024\/11\/logo-neus-blanco.png&#8221; title_text=&#8221;logo-neus-white&#8221; _builder_version=&#8221;4.27.3&#8243; _module_preset=&#8221;default&#8221; global_colors_info=&#8221;{}&#8221;][\/et_pb_image][et_pb_blurb title=&#8221;Location&#8221; use_icon=&#8221;on&#8221; font_icon=&#8221;&#xf3c5;||fa||900&#8243; icon_color=&#8221;#ffffff&#8221; icon_placement=&#8221;left&#8221; image_icon_width=&#8221;28px&#8221; _builder_version=&#8221;4.27.4&#8243; header_font=&#8221;&#8211;et_global_body_font|700|||||||&#8221; header_font_size=&#8221;20px&#8221; header_line_height=&#8221;1.2em&#8221; body_font=&#8221;&#8211;et_global_body_font||||||||&#8221; body_text_color=&#8221;#FFFFFF&#8221; body_font_size=&#8221;16px&#8221; body_line_height=&#8221;1.3em&#8221; body_link_text_color=&#8221;#FFFFFF&#8221; background_layout=&#8221;dark&#8221; custom_padding=&#8221;15px|||&#8221; hover_enabled=&#8221;0&#8243; icon_font_size=&#8221;28px&#8221; global_colors_info=&#8221;{}&#8221; sticky_enabled=&#8221;0&#8243;]<\/p>\n<p>Av. Tepeyac #816 Int. B<br \/>Chapalita Oriente<br \/>Zapopan, Jal.<br \/>C.P. 45040  <\/p>\n<p>[\/et_pb_blurb][\/et_pb_column][et_pb_column type=&#8221;1_3&#8243; _builder_version=&#8221;4.27.4&#8243; custom_padding=&#8221;140px||||false|false&#8221; custom_padding_tablet=&#8221;0px|10%||10%|false|true&#8221; custom_padding_phone=&#8221;0px|||&#8221; custom_padding_last_edited=&#8221;on|desktop&#8221; global_colors_info=&#8221;{}&#8221; padding_tablet=&#8221;0px|||&#8221; padding_last_edited=&#8221;on|desktop&#8221; custom_padding__hover=&#8221;|||&#8221; padding_phone=&#8221;0px|||&#8221;][et_pb_blurb title=&#8221;Phone&#8221; use_icon=&#8221;on&#8221; font_icon=&#8221;&#xe090;||divi||400&#8243; icon_color=&#8221;#ffffff&#8221; icon_placement=&#8221;left&#8221; image_icon_width=&#8221;28px&#8221; _builder_version=&#8221;4.27.4&#8243; header_font=&#8221;&#8211;et_global_body_font|700|||||||&#8221; header_font_size=&#8221;20px&#8221; header_line_height=&#8221;1.2em&#8221; body_font=&#8221;&#8211;et_global_body_font||||||||&#8221; body_text_color=&#8221;#FFFFFF&#8221; body_font_size=&#8221;16px&#8221; body_line_height=&#8221;1.8em&#8221; body_link_text_color=&#8221;#FFFFFF&#8221; background_layout=&#8221;dark&#8221; custom_padding=&#8221;||||false|false&#8221; icon_font_size=&#8221;28px&#8221; global_colors_info=&#8221;{}&#8221;]<\/p>\n<p>33 5010 3654<\/p>\n<p>[\/et_pb_blurb][et_pb_blurb title=&#8221;Email&#8221; use_icon=&#8221;on&#8221; font_icon=&#8221;&#xe076;||divi||400&#8243; icon_color=&#8221;#ffffff&#8221; icon_placement=&#8221;left&#8221; image_icon_width=&#8221;28px&#8221; _builder_version=&#8221;4.27.3&#8243; header_font=&#8221;&#8211;et_global_body_font|700|||||||&#8221; header_font_size=&#8221;20px&#8221; header_line_height=&#8221;1.2em&#8221; body_font=&#8221;&#8211;et_global_body_font||||||||&#8221; body_text_color=&#8221;#FFFFFF&#8221; body_font_size=&#8221;16px&#8221; body_line_height=&#8221;1.8em&#8221; body_link_text_color=&#8221;#FFFFFF&#8221; background_layout=&#8221;dark&#8221; custom_padding=&#8221;||||false|false&#8221; icon_font_size=&#8221;28px&#8221; global_colors_info=&#8221;{}&#8221;]<\/p>\n<p><a href=\"mailto:contacto@neus.co\">contacto@neus.co<\/a><\/p>\n<p>[\/et_pb_blurb][\/et_pb_column][et_pb_column type=&#8221;1_3&#8243; _builder_version=&#8221;4.27.4&#8243; custom_padding=&#8221;140px||||false|false&#8221; custom_padding_tablet=&#8221;0px|10%||10%|false|true&#8221; custom_padding_phone=&#8221;0px|||&#8221; custom_padding_last_edited=&#8221;on|desktop&#8221; global_colors_info=&#8221;{}&#8221; padding_tablet=&#8221;0px|||&#8221; padding_last_edited=&#8221;on|desktop&#8221; custom_padding__hover=&#8221;|||&#8221; padding_phone=&#8221;0px|||&#8221;][et_pb_social_media_follow _builder_version=&#8221;4.27.4&#8243; _module_preset=&#8221;default&#8221; text_orientation=&#8221;left&#8221; text_orientation_tablet=&#8221;&#8221; text_orientation_phone=&#8221;center&#8221; text_orientation_last_edited=&#8221;on|phone&#8221; global_colors_info=&#8221;{}&#8221;][et_pb_social_media_follow_network social_network=&#8221;instagram&#8221; icon_color=&#8221;#982990&#8243; use_icon_font_size=&#8221;on&#8221; icon_font_size=&#8221;20px&#8221; icon_color_tablet=&#8221;&#8221; icon_color_phone=&#8221;&#8221; icon_color_last_edited=&#8221;on|desktop&#8221; _builder_version=&#8221;4.27.4&#8243; _module_preset=&#8221;default&#8221; background_color=&#8221;#FFFFFF&#8221; background_enable_color=&#8221;on&#8221; custom_margin=&#8221;|10px|||false|false&#8221; background_last_edited=&#8221;on|desktop&#8221; border_radii=&#8221;on|25px|25px|25px|25px&#8221; global_colors_info=&#8221;{}&#8221; background__hover_enabled=&#8221;on|desktop&#8221; icon_color__hover_enabled=&#8221;on|desktop&#8221; background_color__hover=&#8221;#41013c&#8221; background_enable_color__hover=&#8221;on&#8221; icon_color__hover=&#8221;#FFFFFF&#8221; follow_button=&#8221;off&#8221; url_new_window=&#8221;on&#8221;]instagram[\/et_pb_social_media_follow_network][et_pb_social_media_follow_network social_network=&#8221;youtube&#8221; icon_color=&#8221;#982990&#8243; use_icon_font_size=&#8221;on&#8221; icon_font_size=&#8221;20px&#8221; icon_color_tablet=&#8221;&#8221; icon_color_phone=&#8221;&#8221; icon_color_last_edited=&#8221;on|desktop&#8221; _builder_version=&#8221;4.27.4&#8243; _module_preset=&#8221;default&#8221; background_color=&#8221;#FFFFFF&#8221; background_enable_color=&#8221;on&#8221; custom_margin=&#8221;|10px|||false|false&#8221; background_last_edited=&#8221;on|desktop&#8221; border_radii=&#8221;on|25px|25px|25px|25px&#8221; global_colors_info=&#8221;{}&#8221; background__hover_enabled=&#8221;on|desktop&#8221; icon_color__hover_enabled=&#8221;on|desktop&#8221; background_color__hover=&#8221;#41013c&#8221; background_enable_color__hover=&#8221;on&#8221; icon_color__hover=&#8221;#FFFFFF&#8221; follow_button=&#8221;off&#8221; url_new_window=&#8221;on&#8221;]youtube[\/et_pb_social_media_follow_network][\/et_pb_social_media_follow][\/et_pb_column][\/et_pb_row][\/et_pb_section]<\/p>\n","protected":false},"excerpt":{"rendered":"<p>CopyrightCopyright \u2013 All Rights Reserved PAXOC, S. DE RL DE CV makes available to you information, materials and products on this site, subject to the following terms and conditions. By entering our site you agree to all the terms and conditions defined on this page. PAXOC, S. DE RL DE CV reserves the right to [&hellip;]<\/p>\n","protected":false},"author":1,"featured_media":0,"parent":0,"menu_order":8,"comment_status":"closed","ping_status":"closed","template":"","meta":{"_et_pb_use_builder":"on","_et_pb_old_content":"","_et_gb_content_width":"","footnotes":""},"class_list":["post-71972","page","type-page","status-publish","hentry"],"yoast_head":"<!-- This site is optimized with the Yoast SEO plugin v27.5 - https:\/\/yoast.com\/product\/yoast-seo-wordpress\/ -->\n<title>Copyright - Neus | Venta y distribuci\u00f3n de productos biol\u00f3gicos de la m\u00e1s alta calidad y tecnolog\u00eda<\/title>\n<meta name=\"robots\" content=\"index, follow, max-snippet:-1, max-image-preview:large, max-video-preview:-1\" \/>\n<link rel=\"canonical\" href=\"https:\/\/neus.co\/en\/copyright\/\" \/>\n<meta property=\"og:locale\" content=\"en_US\" \/>\n<meta property=\"og:type\" content=\"article\" \/>\n<meta property=\"og:title\" content=\"Copyright - Neus | Venta y distribuci\u00f3n de productos biol\u00f3gicos de la m\u00e1s alta calidad y tecnolog\u00eda\" \/>\n<meta property=\"og:description\" content=\"CopyrightCopyright \u2013 All Rights Reserved PAXOC, S. DE RL DE CV makes available to you information, materials and products on this site, subject to the following terms and conditions. By entering our site you agree to all the terms and conditions defined on this page. PAXOC, S. DE RL DE CV reserves the right to [&hellip;]\" \/>\n<meta property=\"og:url\" content=\"https:\/\/neus.co\/en\/copyright\/\" \/>\n<meta property=\"og:site_name\" content=\"Neus | Venta y distribuci\u00f3n de productos biol\u00f3gicos de la m\u00e1s alta calidad y tecnolog\u00eda\" \/>\n<meta property=\"article:modified_time\" content=\"2025-02-20T20:53:25+00:00\" \/>\n<meta property=\"og:image\" content=\"https:\/\/neus.co\/wp-content\/uploads\/2026\/04\/neus-2026.png\" \/>\n\t<meta property=\"og:image:width\" content=\"1200\" \/>\n\t<meta property=\"og:image:height\" content=\"675\" \/>\n\t<meta property=\"og:image:type\" content=\"image\/png\" \/>\n<meta name=\"twitter:card\" content=\"summary_large_image\" \/>\n<meta name=\"twitter:label1\" content=\"Est. reading time\" \/>\n\t<meta name=\"twitter:data1\" content=\"8 minutes\" \/>\n<script type=\"application\/ld+json\" class=\"yoast-schema-graph\">{\"@context\":\"https:\\\/\\\/schema.org\",\"@graph\":[{\"@type\":\"WebPage\",\"@id\":\"https:\\\/\\\/neus.co\\\/en\\\/copyright\\\/\",\"url\":\"https:\\\/\\\/neus.co\\\/en\\\/copyright\\\/\",\"name\":\"Copyright - Neus | Venta y distribuci\u00f3n de productos biol\u00f3gicos de la m\u00e1s alta calidad y tecnolog\u00eda\",\"isPartOf\":{\"@id\":\"https:\\\/\\\/neus.co\\\/en\\\/#website\"},\"datePublished\":\"2020-06-25T23:55:49+00:00\",\"dateModified\":\"2025-02-20T20:53:25+00:00\",\"breadcrumb\":{\"@id\":\"https:\\\/\\\/neus.co\\\/en\\\/copyright\\\/#breadcrumb\"},\"inLanguage\":\"en-US\",\"potentialAction\":[{\"@type\":\"ReadAction\",\"target\":[\"https:\\\/\\\/neus.co\\\/en\\\/copyright\\\/\"]}]},{\"@type\":\"BreadcrumbList\",\"@id\":\"https:\\\/\\\/neus.co\\\/en\\\/copyright\\\/#breadcrumb\",\"itemListElement\":[{\"@type\":\"ListItem\",\"position\":1,\"name\":\"Inicio\",\"item\":\"https:\\\/\\\/neus.co\\\/en\\\/\"},{\"@type\":\"ListItem\",\"position\":2,\"name\":\"Copyright\"}]},{\"@type\":\"WebSite\",\"@id\":\"https:\\\/\\\/neus.co\\\/en\\\/#website\",\"url\":\"https:\\\/\\\/neus.co\\\/en\\\/\",\"name\":\"Neus | Venta y distribuci\u00f3n de productos biol\u00f3gicos de alta calidad y tecnolog\u00eda\",\"description\":\"Neus : Aloinjertos para procedimientos quir\u00fargicos\",\"publisher\":{\"@id\":\"https:\\\/\\\/neus.co\\\/en\\\/#organization\"},\"alternateName\":\"Neus : Fibras de hueso desmineralizadas y Matriz \u00f3sea\",\"potentialAction\":[{\"@type\":\"SearchAction\",\"target\":{\"@type\":\"EntryPoint\",\"urlTemplate\":\"https:\\\/\\\/neus.co\\\/en\\\/?s={search_term_string}\"},\"query-input\":{\"@type\":\"PropertyValueSpecification\",\"valueRequired\":true,\"valueName\":\"search_term_string\"}}],\"inLanguage\":\"en-US\"},{\"@type\":\"Organization\",\"@id\":\"https:\\\/\\\/neus.co\\\/en\\\/#organization\",\"name\":\"Neus : Venta y distribuci\u00f3n de productos biol\u00f3gicos de alta calidad y tecnolog\u00eda\",\"alternateName\":\"Neus : Fibras de hueso desmineralizadas y Matriz \u00f3sea\",\"url\":\"https:\\\/\\\/neus.co\\\/en\\\/\",\"logo\":{\"@type\":\"ImageObject\",\"inLanguage\":\"en-US\",\"@id\":\"https:\\\/\\\/neus.co\\\/en\\\/#\\\/schema\\\/logo\\\/image\\\/\",\"url\":\"https:\\\/\\\/neus.co\\\/wp-content\\\/uploads\\\/2024\\\/11\\\/logo-neus.png\",\"contentUrl\":\"https:\\\/\\\/neus.co\\\/wp-content\\\/uploads\\\/2024\\\/11\\\/logo-neus.png\",\"width\":300,\"height\":60,\"caption\":\"Neus : Venta y distribuci\u00f3n de productos biol\u00f3gicos de alta calidad y tecnolog\u00eda\"},\"image\":{\"@id\":\"https:\\\/\\\/neus.co\\\/en\\\/#\\\/schema\\\/logo\\\/image\\\/\"}}]}<\/script>\n<!-- \/ Yoast SEO plugin. -->","yoast_head_json":{"title":"Copyright - Neus | Venta y distribuci\u00f3n de productos biol\u00f3gicos de la m\u00e1s alta calidad y tecnolog\u00eda","robots":{"index":"index","follow":"follow","max-snippet":"max-snippet:-1","max-image-preview":"max-image-preview:large","max-video-preview":"max-video-preview:-1"},"canonical":"https:\/\/neus.co\/en\/copyright\/","og_locale":"en_US","og_type":"article","og_title":"Copyright - Neus | Venta y distribuci\u00f3n de productos biol\u00f3gicos de la m\u00e1s alta calidad y tecnolog\u00eda","og_description":"CopyrightCopyright \u2013 All Rights Reserved PAXOC, S. DE RL DE CV makes available to you information, materials and products on this site, subject to the following terms and conditions. By entering our site you agree to all the terms and conditions defined on this page. PAXOC, S. DE RL DE CV reserves the right to [&hellip;]","og_url":"https:\/\/neus.co\/en\/copyright\/","og_site_name":"Neus | Venta y distribuci\u00f3n de productos biol\u00f3gicos de la m\u00e1s alta calidad y tecnolog\u00eda","article_modified_time":"2025-02-20T20:53:25+00:00","og_image":[{"width":1200,"height":675,"url":"https:\/\/neus.co\/wp-content\/uploads\/2026\/04\/neus-2026.png","type":"image\/png"}],"twitter_card":"summary_large_image","twitter_misc":{"Est. reading time":"8 minutes"},"schema":{"@context":"https:\/\/schema.org","@graph":[{"@type":"WebPage","@id":"https:\/\/neus.co\/en\/copyright\/","url":"https:\/\/neus.co\/en\/copyright\/","name":"Copyright - Neus | Venta y distribuci\u00f3n de productos biol\u00f3gicos de la m\u00e1s alta calidad y tecnolog\u00eda","isPartOf":{"@id":"https:\/\/neus.co\/en\/#website"},"datePublished":"2020-06-25T23:55:49+00:00","dateModified":"2025-02-20T20:53:25+00:00","breadcrumb":{"@id":"https:\/\/neus.co\/en\/copyright\/#breadcrumb"},"inLanguage":"en-US","potentialAction":[{"@type":"ReadAction","target":["https:\/\/neus.co\/en\/copyright\/"]}]},{"@type":"BreadcrumbList","@id":"https:\/\/neus.co\/en\/copyright\/#breadcrumb","itemListElement":[{"@type":"ListItem","position":1,"name":"Inicio","item":"https:\/\/neus.co\/en\/"},{"@type":"ListItem","position":2,"name":"Copyright"}]},{"@type":"WebSite","@id":"https:\/\/neus.co\/en\/#website","url":"https:\/\/neus.co\/en\/","name":"Neus | Venta y distribuci\u00f3n de productos biol\u00f3gicos de alta calidad y tecnolog\u00eda","description":"Neus : Aloinjertos para procedimientos quir\u00fargicos","publisher":{"@id":"https:\/\/neus.co\/en\/#organization"},"alternateName":"Neus : Fibras de hueso desmineralizadas y Matriz \u00f3sea","potentialAction":[{"@type":"SearchAction","target":{"@type":"EntryPoint","urlTemplate":"https:\/\/neus.co\/en\/?s={search_term_string}"},"query-input":{"@type":"PropertyValueSpecification","valueRequired":true,"valueName":"search_term_string"}}],"inLanguage":"en-US"},{"@type":"Organization","@id":"https:\/\/neus.co\/en\/#organization","name":"Neus : Venta y distribuci\u00f3n de productos biol\u00f3gicos de alta calidad y tecnolog\u00eda","alternateName":"Neus : Fibras de hueso desmineralizadas y Matriz \u00f3sea","url":"https:\/\/neus.co\/en\/","logo":{"@type":"ImageObject","inLanguage":"en-US","@id":"https:\/\/neus.co\/en\/#\/schema\/logo\/image\/","url":"https:\/\/neus.co\/wp-content\/uploads\/2024\/11\/logo-neus.png","contentUrl":"https:\/\/neus.co\/wp-content\/uploads\/2024\/11\/logo-neus.png","width":300,"height":60,"caption":"Neus : Venta y distribuci\u00f3n de productos biol\u00f3gicos de alta calidad y tecnolog\u00eda"},"image":{"@id":"https:\/\/neus.co\/en\/#\/schema\/logo\/image\/"}}]}},"_links":{"self":[{"href":"https:\/\/neus.co\/en\/wp-json\/wp\/v2\/pages\/71972","targetHints":{"allow":["GET"]}}],"collection":[{"href":"https:\/\/neus.co\/en\/wp-json\/wp\/v2\/pages"}],"about":[{"href":"https:\/\/neus.co\/en\/wp-json\/wp\/v2\/types\/page"}],"author":[{"embeddable":true,"href":"https:\/\/neus.co\/en\/wp-json\/wp\/v2\/users\/1"}],"replies":[{"embeddable":true,"href":"https:\/\/neus.co\/en\/wp-json\/wp\/v2\/comments?post=71972"}],"version-history":[{"count":4,"href":"https:\/\/neus.co\/en\/wp-json\/wp\/v2\/pages\/71972\/revisions"}],"predecessor-version":[{"id":72034,"href":"https:\/\/neus.co\/en\/wp-json\/wp\/v2\/pages\/71972\/revisions\/72034"}],"wp:attachment":[{"href":"https:\/\/neus.co\/en\/wp-json\/wp\/v2\/media?parent=71972"}],"curies":[{"name":"wp","href":"https:\/\/api.w.org\/{rel}","templated":true}]}}