{"id":71969,"date":"2020-06-29T11:48:27","date_gmt":"2020-06-29T16:48:27","guid":{"rendered":"http:\/\/neus.co\/contact\/thank-you\/"},"modified":"2025-02-18T17:38:22","modified_gmt":"2025-02-18T23:38:22","slug":"thank-you","status":"publish","type":"page","link":"https:\/\/neus.co\/en\/contact\/thank-you\/","title":{"rendered":"Thank you"},"content":{"rendered":"<p>[et_pb_section fb_built=&#8221;1&#8243; _builder_version=&#8221;4.27.4&#8243; _module_preset=&#8221;default&#8221; hover_enabled=&#8221;0&#8243; global_colors_info=&#8221;{}&#8221; custom_margin=&#8221;0px|0px|0px|0px|true|true&#8221; custom_padding=&#8221;0px|0px|0px|0px|true|true&#8221; sticky_enabled=&#8221;0&#8243;][et_pb_row column_structure=&#8221;1_2,1_2&#8243; _builder_version=&#8221;4.27.4&#8243; _module_preset=&#8221;default&#8221; hover_enabled=&#8221;0&#8243; global_colors_info=&#8221;{}&#8221; use_custom_gutter=&#8221;on&#8221; gutter_width=&#8221;1&#8243; make_equal=&#8221;on&#8221; width=&#8221;100%&#8221; max_width=&#8221;100%&#8221; module_alignment=&#8221;center&#8221; sticky_enabled=&#8221;0&#8243; custom_margin=&#8221;0px|0px|0px|0px|true|true&#8221; custom_padding=&#8221;0px|0px|0px|0px|true|true&#8221;][et_pb_column type=&#8221;1_2&#8243; _builder_version=&#8221;4.27.4&#8243; _module_preset=&#8221;default&#8221; hover_enabled=&#8221;0&#8243; global_colors_info=&#8221;{}&#8221; title_text=&#8221;neus-gracias&#8221; background_image=&#8221;http:\/\/neus.co\/wp-content\/uploads\/2025\/01\/neus-gracias.jpg&#8221; sticky_enabled=&#8221;0&#8243;][et_pb_image src=&#8221;http:\/\/neus.co\/wp-content\/uploads\/2025\/01\/spacer.png&#8221; _builder_version=&#8221;4.27.4&#8243; _module_preset=&#8221;default&#8221; title_text=&#8221;spacer&#8221; width=&#8221;100%&#8221; height=&#8221;500px&#8221; hover_enabled=&#8221;0&#8243; sticky_enabled=&#8221;0&#8243;][\/et_pb_image][\/et_pb_column][et_pb_column type=&#8221;1_2&#8243; _builder_version=&#8221;4.21.0&#8243; _module_preset=&#8221;default&#8221; global_colors_info=&#8221;{}&#8221;][et_pb_text _builder_version=&#8221;4.27.4&#8243; _module_preset=&#8221;default&#8221; hover_enabled=&#8221;0&#8243; global_colors_info=&#8221;{}&#8221; custom_padding=&#8221;80px|100px|20px|50px|false|false&#8221; sticky_enabled=&#8221;0&#8243; header_2_font=&#8221;|800||on|||||&#8221;]<\/p>\n<h2>Thank you for contacting us!<\/h2>\n<p>[\/et_pb_text][et_pb_divider divider_weight=&#8221;4px&#8221; _builder_version=&#8221;4.27.4&#8243; max_width=&#8221;50px&#8221; module_alignment=&#8221;left&#8221; custom_margin=&#8221;-27px||5px|&#8221; hover_enabled=&#8221;0&#8243; global_colors_info=&#8221;{}&#8221; locked=&#8221;off&#8221; sticky_enabled=&#8221;0&#8243; custom_padding=&#8221;20px||0px|50px|false|false&#8221;][\/et_pb_divider][et_pb_text _builder_version=&#8221;4.27.4&#8243; _module_preset=&#8221;default&#8221; text_font_size=&#8221;18px&#8221; text_line_height=&#8221;1.8em&#8221; hover_enabled=&#8221;0&#8243; global_colors_info=&#8221;{}&#8221; locked=&#8221;off&#8221; custom_padding=&#8221;0px|100px|100px|50px|false|false&#8221; sticky_enabled=&#8221;0&#8243;]<\/p>\n<p>We have received your message, and our team is reviewing your request. We will get in touch with you as soon as possible to address your questions or provide the necessary information about our products and authorized distributors.<\/p>\n<p>If you need immediate assistance, feel free to contact us.<\/p>\n<p><strong>We are here to support you at all times.<\/strong><\/p>\n<p>[\/et_pb_text][\/et_pb_column][\/et_pb_row][\/et_pb_section][et_pb_section fb_built=&#8221;1&#8243; admin_label=&#8221;Contact Info&#8221; _builder_version=&#8221;4.27.3&#8243; background_color=&#8221;#982990&#8243; use_background_color_gradient=&#8221;on&#8221; background_color_gradient_stops=&#8221;rgba(152,41,144,0.71) 0%|rgba(152,41,144,0.74) 100%&#8221; background_color_gradient_overlays_image=&#8221;on&#8221; background_color_gradient_start=&#8221;rgba(91,38,38,0.76)&#8221; background_color_gradient_end=&#8221;rgba(91,38,38,0.85)&#8221; background_image=&#8221;http:\/\/neus.co\/wp-content\/uploads\/2024\/12\/back-footer-02.jpg&#8221; custom_padding=&#8221;24px||100px||false|false&#8221; global_colors_info=&#8221;{}&#8221; global_module=&#8221;71130&#8243; theme_builder_area=&#8221;post_content&#8221;][et_pb_row column_structure=&#8221;1_3,1_3,1_3&#8243; padding_top_bottom_link_1=&#8221;true&#8221; padding_left_right_link_1=&#8221;true&#8221; _builder_version=&#8221;4.27.3&#8243; custom_margin=&#8221;||||false|false&#8221; custom_padding=&#8221;0||0||true|false&#8221; animation_style=&#8221;slide&#8221; animation_direction=&#8221;bottom&#8221; animation_delay=&#8221;400ms&#8221; global_colors_info=&#8221;{}&#8221; theme_builder_area=&#8221;post_content&#8221;][et_pb_column type=&#8221;1_3&#8243; _builder_version=&#8221;4.16&#8243; use_background_color_gradient=&#8221;on&#8221; background_color_gradient_stops=&#8221;rgba(214,2,112,0.92) 0%|rgba(214,2,112,0.92) 100&#8243; background_color_gradient_overlays_image=&#8221;on&#8221; background_color_gradient_start=&#8221;rgba(214,2,112,0.92)&#8221; background_color_gradient_start_position=&#8221;0&#8243; background_color_gradient_end=&#8221;rgba(214,2,112,0.92)&#8221; background_color_gradient_end_position=&#8221;100&#8243; background_image=&#8221;http:\/\/neus.co\/wp-content\/uploads\/2024\/11\/471896545-Doctor-doing-surgery-1.jpg&#8221; custom_padding=&#8221;65px|5%|65px|5%&#8221; custom_padding_tablet=&#8221;|10%||10%||true&#8221; custom_padding_phone=&#8221;|10%||10%||true&#8221; custom_padding_last_edited=&#8221;on|tablet&#8221; background_color_gradient_stops_tablet=&#8221;rgba(214,2,112,0.92) 0%|rgba(214,2,112,0.92) 100&#8243; background_color_gradient_stops_phone=&#8221;rgba(214,2,112,0.92) 0%|rgba(214,2,112,0.92) 100&#8243; global_colors_info=&#8221;{}&#8221; padding_tablet=&#8221;|10%||10%||true&#8221; padding_last_edited=&#8221;on|tablet&#8221; custom_padding__hover=&#8221;|||&#8221; background_color_gradient_stops__hover=&#8221;rgba(214,2,112,0.92) 0%|rgba(214,2,112,0.92) 100&#8243; background_color_gradient_stops__sticky=&#8221;rgba(214,2,112,0.92) 0%|rgba(214,2,112,0.92) 100&#8243; padding_phone=&#8221;|10%||10%||true&#8221; theme_builder_area=&#8221;post_content&#8221;][et_pb_image src=&#8221;http:\/\/neus.co\/wp-content\/uploads\/2024\/11\/logo-neus-blanco.png&#8221; title_text=&#8221;logo-neus-blanco&#8221; _builder_version=&#8221;4.27.3&#8243; _module_preset=&#8221;default&#8221; global_colors_info=&#8221;{}&#8221; theme_builder_area=&#8221;post_content&#8221;][\/et_pb_image][et_pb_blurb title=&#8221;Location&#8221; use_icon=&#8221;on&#8221; font_icon=&#8221;&#xf3c5;||fa||900&#8243; icon_color=&#8221;#ffffff&#8221; icon_placement=&#8221;left&#8221; image_icon_width=&#8221;28px&#8221; _builder_version=&#8221;4.27.4&#8243; header_font=&#8221;&#8211;et_global_body_font|700|||||||&#8221; header_font_size=&#8221;20px&#8221; header_line_height=&#8221;1.2em&#8221; body_font=&#8221;&#8211;et_global_body_font||||||||&#8221; body_text_color=&#8221;#FFFFFF&#8221; body_font_size=&#8221;16px&#8221; body_line_height=&#8221;1.3em&#8221; body_link_text_color=&#8221;#FFFFFF&#8221; background_layout=&#8221;dark&#8221; custom_padding=&#8221;15px|||&#8221; icon_font_size=&#8221;28px&#8221; global_colors_info=&#8221;{}&#8221; theme_builder_area=&#8221;post_content&#8221;]<\/p>\n<p>Av. Tepeyac #816<br \/>Chapalita Oriente<br \/>Zapopan, Jal.<br \/>C.P. 45040<\/p>\n<p>[\/et_pb_blurb][\/et_pb_column][et_pb_column type=&#8221;1_3&#8243; _builder_version=&#8221;4.27.3&#8243; custom_padding=&#8221;140px||||false|false&#8221; custom_padding_tablet=&#8221;0px|||&#8221; custom_padding_phone=&#8221;0px|||&#8221; custom_padding_last_edited=&#8221;on|desktop&#8221; global_colors_info=&#8221;{}&#8221; padding_tablet=&#8221;0px|||&#8221; padding_last_edited=&#8221;on|desktop&#8221; custom_padding__hover=&#8221;|||&#8221; padding_phone=&#8221;0px|||&#8221; theme_builder_area=&#8221;post_content&#8221;][et_pb_blurb title=&#8221;Phone&#8221; use_icon=&#8221;on&#8221; font_icon=&#8221;&#xe090;||divi||400&#8243; icon_color=&#8221;#ffffff&#8221; icon_placement=&#8221;left&#8221; image_icon_width=&#8221;28px&#8221; _builder_version=&#8221;4.27.4&#8243; header_font=&#8221;&#8211;et_global_body_font|700|||||||&#8221; header_font_size=&#8221;20px&#8221; header_line_height=&#8221;1.2em&#8221; body_font=&#8221;&#8211;et_global_body_font||||||||&#8221; body_text_color=&#8221;#FFFFFF&#8221; body_font_size=&#8221;16px&#8221; body_line_height=&#8221;1.8em&#8221; body_link_text_color=&#8221;#FFFFFF&#8221; background_layout=&#8221;dark&#8221; custom_padding=&#8221;||||false|false&#8221; icon_font_size=&#8221;28px&#8221; global_colors_info=&#8221;{}&#8221; theme_builder_area=&#8221;post_content&#8221;]<\/p>\n<p>33 5010 3654<\/p>\n<p>[\/et_pb_blurb][\/et_pb_column][et_pb_column type=&#8221;1_3&#8243; _builder_version=&#8221;4.27.3&#8243; custom_padding=&#8221;140px||||false|false&#8221; custom_padding_tablet=&#8221;0px|||&#8221; custom_padding_phone=&#8221;0px|||&#8221; custom_padding_last_edited=&#8221;on|desktop&#8221; global_colors_info=&#8221;{}&#8221; padding_tablet=&#8221;0px|||&#8221; padding_last_edited=&#8221;on|desktop&#8221; custom_padding__hover=&#8221;|||&#8221; padding_phone=&#8221;0px|||&#8221; theme_builder_area=&#8221;post_content&#8221;][et_pb_blurb title=&#8221;Email&#8221; use_icon=&#8221;on&#8221; font_icon=&#8221;&#xe076;||divi||400&#8243; icon_color=&#8221;#ffffff&#8221; icon_placement=&#8221;left&#8221; image_icon_width=&#8221;28px&#8221; _builder_version=&#8221;4.27.3&#8243; header_font=&#8221;&#8211;et_global_body_font|700|||||||&#8221; header_font_size=&#8221;20px&#8221; header_line_height=&#8221;1.2em&#8221; body_font=&#8221;&#8211;et_global_body_font||||||||&#8221; body_text_color=&#8221;#FFFFFF&#8221; body_font_size=&#8221;16px&#8221; body_line_height=&#8221;1.8em&#8221; body_link_text_color=&#8221;#FFFFFF&#8221; background_layout=&#8221;dark&#8221; custom_padding=&#8221;||||false|false&#8221; icon_font_size=&#8221;28px&#8221; global_colors_info=&#8221;{}&#8221; theme_builder_area=&#8221;post_content&#8221;]<\/p>\n<p><a href=\"mailto:contacto@neus.co\">contacto@neus.co<\/a><\/p>\n<p>[\/et_pb_blurb][\/et_pb_column][\/et_pb_row][\/et_pb_section]<\/p>\n","protected":false},"excerpt":{"rendered":"<p>Thank you for contacting us!We have received your message, and our team is reviewing your request. We will get in touch with you as soon as possible to address your questions or provide the necessary information about our products and authorized distributors. If you need immediate assistance, feel free to contact us. We are here [&hellip;]<\/p>\n","protected":false},"author":1,"featured_media":0,"parent":71965,"menu_order":1,"comment_status":"closed","ping_status":"closed","template":"","meta":{"_et_pb_use_builder":"on","_et_pb_old_content":"","_et_gb_content_width":"","footnotes":""},"class_list":["post-71969","page","type-page","status-publish","hentry"],"yoast_head":"<!-- This site is optimized with the Yoast SEO plugin v27.5 - https:\/\/yoast.com\/product\/yoast-seo-wordpress\/ -->\n<title>Thank you - Neus | Venta y distribuci\u00f3n de productos biol\u00f3gicos de la m\u00e1s alta calidad y tecnolog\u00eda<\/title>\n<meta name=\"robots\" content=\"index, follow, max-snippet:-1, max-image-preview:large, max-video-preview:-1\" \/>\n<link rel=\"canonical\" href=\"https:\/\/neus.co\/en\/contact\/thank-you\/\" \/>\n<meta property=\"og:locale\" content=\"en_US\" \/>\n<meta property=\"og:type\" content=\"article\" \/>\n<meta property=\"og:title\" content=\"Thank you - Neus | Venta y distribuci\u00f3n de productos biol\u00f3gicos de la m\u00e1s alta calidad y tecnolog\u00eda\" \/>\n<meta property=\"og:description\" content=\"Thank you for contacting us!We have received your message, and our team is reviewing your request. We will get in touch with you as soon as possible to address your questions or provide the necessary information about our products and authorized distributors. If you need immediate assistance, feel free to contact us. We are here [&hellip;]\" \/>\n<meta property=\"og:url\" content=\"https:\/\/neus.co\/en\/contact\/thank-you\/\" \/>\n<meta property=\"og:site_name\" content=\"Neus | Venta y distribuci\u00f3n de productos biol\u00f3gicos de la m\u00e1s alta calidad y tecnolog\u00eda\" \/>\n<meta property=\"article:modified_time\" content=\"2025-02-18T23:38:22+00:00\" \/>\n<meta property=\"og:image\" content=\"https:\/\/neus.co\/wp-content\/uploads\/2026\/04\/neus-2026.png\" \/>\n\t<meta property=\"og:image:width\" content=\"1200\" \/>\n\t<meta property=\"og:image:height\" content=\"675\" \/>\n\t<meta property=\"og:image:type\" content=\"image\/png\" \/>\n<meta name=\"twitter:card\" content=\"summary_large_image\" \/>\n<meta name=\"twitter:label1\" content=\"Est. reading time\" \/>\n\t<meta name=\"twitter:data1\" content=\"5 minutes\" \/>\n<script type=\"application\/ld+json\" class=\"yoast-schema-graph\">{\"@context\":\"https:\\\/\\\/schema.org\",\"@graph\":[{\"@type\":\"WebPage\",\"@id\":\"https:\\\/\\\/neus.co\\\/en\\\/contact\\\/thank-you\\\/\",\"url\":\"https:\\\/\\\/neus.co\\\/en\\\/contact\\\/thank-you\\\/\",\"name\":\"Thank you - Neus | Venta y distribuci\u00f3n de productos biol\u00f3gicos de la m\u00e1s alta calidad y tecnolog\u00eda\",\"isPartOf\":{\"@id\":\"https:\\\/\\\/neus.co\\\/en\\\/#website\"},\"datePublished\":\"2020-06-29T16:48:27+00:00\",\"dateModified\":\"2025-02-18T23:38:22+00:00\",\"breadcrumb\":{\"@id\":\"https:\\\/\\\/neus.co\\\/en\\\/contact\\\/thank-you\\\/#breadcrumb\"},\"inLanguage\":\"en-US\",\"potentialAction\":[{\"@type\":\"ReadAction\",\"target\":[\"https:\\\/\\\/neus.co\\\/en\\\/contact\\\/thank-you\\\/\"]}]},{\"@type\":\"BreadcrumbList\",\"@id\":\"https:\\\/\\\/neus.co\\\/en\\\/contact\\\/thank-you\\\/#breadcrumb\",\"itemListElement\":[{\"@type\":\"ListItem\",\"position\":1,\"name\":\"Inicio\",\"item\":\"https:\\\/\\\/neus.co\\\/en\\\/\"},{\"@type\":\"ListItem\",\"position\":2,\"name\":\"Contact\",\"item\":\"https:\\\/\\\/neus.co\\\/en\\\/contacto\\\/\"},{\"@type\":\"ListItem\",\"position\":3,\"name\":\"Thank you\"}]},{\"@type\":\"WebSite\",\"@id\":\"https:\\\/\\\/neus.co\\\/en\\\/#website\",\"url\":\"https:\\\/\\\/neus.co\\\/en\\\/\",\"name\":\"Neus | Venta y distribuci\u00f3n de productos biol\u00f3gicos de alta calidad y tecnolog\u00eda\",\"description\":\"Neus : Aloinjertos para procedimientos quir\u00fargicos\",\"publisher\":{\"@id\":\"https:\\\/\\\/neus.co\\\/en\\\/#organization\"},\"alternateName\":\"Neus : Fibras de hueso desmineralizadas y Matriz \u00f3sea\",\"potentialAction\":[{\"@type\":\"SearchAction\",\"target\":{\"@type\":\"EntryPoint\",\"urlTemplate\":\"https:\\\/\\\/neus.co\\\/en\\\/?s={search_term_string}\"},\"query-input\":{\"@type\":\"PropertyValueSpecification\",\"valueRequired\":true,\"valueName\":\"search_term_string\"}}],\"inLanguage\":\"en-US\"},{\"@type\":\"Organization\",\"@id\":\"https:\\\/\\\/neus.co\\\/en\\\/#organization\",\"name\":\"Neus : Venta y distribuci\u00f3n de productos biol\u00f3gicos de alta calidad y tecnolog\u00eda\",\"alternateName\":\"Neus : Fibras de hueso desmineralizadas y Matriz \u00f3sea\",\"url\":\"https:\\\/\\\/neus.co\\\/en\\\/\",\"logo\":{\"@type\":\"ImageObject\",\"inLanguage\":\"en-US\",\"@id\":\"https:\\\/\\\/neus.co\\\/en\\\/#\\\/schema\\\/logo\\\/image\\\/\",\"url\":\"https:\\\/\\\/neus.co\\\/wp-content\\\/uploads\\\/2024\\\/11\\\/logo-neus.png\",\"contentUrl\":\"https:\\\/\\\/neus.co\\\/wp-content\\\/uploads\\\/2024\\\/11\\\/logo-neus.png\",\"width\":300,\"height\":60,\"caption\":\"Neus : Venta y distribuci\u00f3n de productos biol\u00f3gicos de alta calidad y tecnolog\u00eda\"},\"image\":{\"@id\":\"https:\\\/\\\/neus.co\\\/en\\\/#\\\/schema\\\/logo\\\/image\\\/\"}}]}<\/script>\n<!-- \/ Yoast SEO plugin. -->","yoast_head_json":{"title":"Thank you - Neus | Venta y distribuci\u00f3n de productos biol\u00f3gicos de la m\u00e1s alta calidad y tecnolog\u00eda","robots":{"index":"index","follow":"follow","max-snippet":"max-snippet:-1","max-image-preview":"max-image-preview:large","max-video-preview":"max-video-preview:-1"},"canonical":"https:\/\/neus.co\/en\/contact\/thank-you\/","og_locale":"en_US","og_type":"article","og_title":"Thank you - Neus | Venta y distribuci\u00f3n de productos biol\u00f3gicos de la m\u00e1s alta calidad y tecnolog\u00eda","og_description":"Thank you for contacting us!We have received your message, and our team is reviewing your request. We will get in touch with you as soon as possible to address your questions or provide the necessary information about our products and authorized distributors. If you need immediate assistance, feel free to contact us. We are here [&hellip;]","og_url":"https:\/\/neus.co\/en\/contact\/thank-you\/","og_site_name":"Neus | Venta y distribuci\u00f3n de productos biol\u00f3gicos de la m\u00e1s alta calidad y tecnolog\u00eda","article_modified_time":"2025-02-18T23:38:22+00:00","og_image":[{"width":1200,"height":675,"url":"https:\/\/neus.co\/wp-content\/uploads\/2026\/04\/neus-2026.png","type":"image\/png"}],"twitter_card":"summary_large_image","twitter_misc":{"Est. reading time":"5 minutes"},"schema":{"@context":"https:\/\/schema.org","@graph":[{"@type":"WebPage","@id":"https:\/\/neus.co\/en\/contact\/thank-you\/","url":"https:\/\/neus.co\/en\/contact\/thank-you\/","name":"Thank you - Neus | Venta y distribuci\u00f3n de productos biol\u00f3gicos de la m\u00e1s alta calidad y tecnolog\u00eda","isPartOf":{"@id":"https:\/\/neus.co\/en\/#website"},"datePublished":"2020-06-29T16:48:27+00:00","dateModified":"2025-02-18T23:38:22+00:00","breadcrumb":{"@id":"https:\/\/neus.co\/en\/contact\/thank-you\/#breadcrumb"},"inLanguage":"en-US","potentialAction":[{"@type":"ReadAction","target":["https:\/\/neus.co\/en\/contact\/thank-you\/"]}]},{"@type":"BreadcrumbList","@id":"https:\/\/neus.co\/en\/contact\/thank-you\/#breadcrumb","itemListElement":[{"@type":"ListItem","position":1,"name":"Inicio","item":"https:\/\/neus.co\/en\/"},{"@type":"ListItem","position":2,"name":"Contact","item":"https:\/\/neus.co\/en\/contacto\/"},{"@type":"ListItem","position":3,"name":"Thank you"}]},{"@type":"WebSite","@id":"https:\/\/neus.co\/en\/#website","url":"https:\/\/neus.co\/en\/","name":"Neus | Venta y distribuci\u00f3n de productos biol\u00f3gicos de alta calidad y tecnolog\u00eda","description":"Neus : Aloinjertos para procedimientos quir\u00fargicos","publisher":{"@id":"https:\/\/neus.co\/en\/#organization"},"alternateName":"Neus : Fibras de hueso desmineralizadas y Matriz \u00f3sea","potentialAction":[{"@type":"SearchAction","target":{"@type":"EntryPoint","urlTemplate":"https:\/\/neus.co\/en\/?s={search_term_string}"},"query-input":{"@type":"PropertyValueSpecification","valueRequired":true,"valueName":"search_term_string"}}],"inLanguage":"en-US"},{"@type":"Organization","@id":"https:\/\/neus.co\/en\/#organization","name":"Neus : Venta y distribuci\u00f3n de productos biol\u00f3gicos de alta calidad y tecnolog\u00eda","alternateName":"Neus : Fibras de hueso desmineralizadas y Matriz \u00f3sea","url":"https:\/\/neus.co\/en\/","logo":{"@type":"ImageObject","inLanguage":"en-US","@id":"https:\/\/neus.co\/en\/#\/schema\/logo\/image\/","url":"https:\/\/neus.co\/wp-content\/uploads\/2024\/11\/logo-neus.png","contentUrl":"https:\/\/neus.co\/wp-content\/uploads\/2024\/11\/logo-neus.png","width":300,"height":60,"caption":"Neus : Venta y distribuci\u00f3n de productos biol\u00f3gicos de alta calidad y tecnolog\u00eda"},"image":{"@id":"https:\/\/neus.co\/en\/#\/schema\/logo\/image\/"}}]}},"_links":{"self":[{"href":"https:\/\/neus.co\/en\/wp-json\/wp\/v2\/pages\/71969","targetHints":{"allow":["GET"]}}],"collection":[{"href":"https:\/\/neus.co\/en\/wp-json\/wp\/v2\/pages"}],"about":[{"href":"https:\/\/neus.co\/en\/wp-json\/wp\/v2\/types\/page"}],"author":[{"embeddable":true,"href":"https:\/\/neus.co\/en\/wp-json\/wp\/v2\/users\/1"}],"replies":[{"embeddable":true,"href":"https:\/\/neus.co\/en\/wp-json\/wp\/v2\/comments?post=71969"}],"version-history":[{"count":2,"href":"https:\/\/neus.co\/en\/wp-json\/wp\/v2\/pages\/71969\/revisions"}],"predecessor-version":[{"id":71971,"href":"https:\/\/neus.co\/en\/wp-json\/wp\/v2\/pages\/71969\/revisions\/71971"}],"up":[{"embeddable":true,"href":"https:\/\/neus.co\/en\/wp-json\/wp\/v2\/pages\/71965"}],"wp:attachment":[{"href":"https:\/\/neus.co\/en\/wp-json\/wp\/v2\/media?parent=71969"}],"curies":[{"name":"wp","href":"https:\/\/api.w.org\/{rel}","templated":true}]}}